{"id":8259,"date":"2018-10-24T12:45:54","date_gmt":"2018-10-24T10:45:54","guid":{"rendered":"http:\/\/www2.caseificiocastellan.it\/?page_id=3"},"modified":"2022-06-21T14:14:42","modified_gmt":"2022-06-21T14:14:42","slug":"privacy-policy","status":"publish","type":"page","link":"https:\/\/www.caseificiocastellan.it\/en\/privacy-policy\/","title":{"rendered":"Privacy Policy"},"content":{"rendered":"<p>[vc_row css_animation=&#8221;&#8221; row_type=&#8221;row&#8221; use_row_as_full_screen_section=&#8221;no&#8221; type=&#8221;full_width&#8221; angled_section=&#8221;no&#8221; text_align=&#8221;left&#8221; background_image_as_pattern=&#8221;without_pattern&#8221;][vc_column][vc_column_text]<\/p>\n<h4><span style=\"color: #333333;\"><span style=\"font-family: Avenir, serif;\"><b>Privacy Policy<\/b><\/span><\/span><\/h4>\n<h4><span style=\"color: #333333;\"><span style=\"font-family: Avenir, serif;\">Questo sito raccoglie alcuni Dati Personali.<br \/>\nTali Dati Personali sono raccolti per le finalit\u00e0 e sono trattati secondo le modalit\u00e0 di seguito riportate.<br \/>\nTitolare del Trattamento dei Dati: CASEIFICIO CASTELLAN URBANO SAS &#8211; VIA GIOTTO, 24 &#8211; ROSA\u2019 VI<br \/>\nResponsabile del trattamento: CASEIFICIO CASTELLAN URBANO SAS<br \/>\nRappresentante stabilito: Bordignon Armida<\/span><\/span><\/h4>\n<h4><span style=\"color: #333333;\"><span style=\"font-family: Avenir, serif;\"><b>Tipologie di Dati:<\/b><\/span><\/span><\/h4>\n<h4><span style=\"color: #333333;\"><span style=\"font-family: Avenir, serif;\">I Dati Personali trattati dal presente sito sono: Cookie, Dati di navigazione ed utilizzo, Nome, Cognome, indirizzo Email. I Dati Personali possono essere inseriti volontariamente dall\u2019Utente o dall\u2019Interessato, oppure raccolti in modo automatico, tramite la navigazione. L\u2019eventuale utilizzo di Cookie da parte del sito o dei titolari dei servizi terzi di cui l\u2019Applicazione si avvale, ove non diversamente precisato, ha la finalit\u00e0 di identificare l\u2019Utente e registrare le relative preferenze per finalit\u00e0 strettamente legate allo svolgimento del servizio richiesto dall\u2019Utente.<\/span><\/span><\/h4>\n<h4><span style=\"color: #333333;\"><span style=\"font-family: Avenir, serif;\"><b>Modalit\u00e0 e luogo del Trattamento dei Dati raccolti<\/b><\/span><\/span><\/h4>\n<h4><span style=\"color: #333333;\"><span style=\"font-family: Avenir, serif;\">Modalit\u00e0 di trattamento<\/span><\/span><\/h4>\n<h4><span style=\"color: #333333;\"><span style=\"font-family: Avenir, serif;\">Il Titolare tratta i Dati Personali degli Utenti e degli Interessati adottando le opportune misure di sicurezza volte ad impedire l\u2019accesso, la divulgazione, la modifica o la distruzione non autorizzate dei Dati Personali. Il trattamento viene effettuato in forma cartacea, informatica e telematica con modalit\u00e0 organizzative strettamente correlate alle finalit\u00e0 indicate di seguito.<\/span><\/span><\/h4>\n<h4><span style=\"color: #333333;\"><span style=\"font-family: Avenir, serif;\">Oltre al Titolare ed agli Incaricati individuati dal Titolare o dal Responsabile, in alcuni casi, potrebbero avere accesso ai Dati soggetti esterni (come fornitori di servizi tecnici terzi, corrieri postali, hosting provider, societ\u00e0 informatiche, agenzie di comunicazione). L\u2019elenco aggiornato dei soggetti potr\u00e0 sempre essere richiesto al Titolare del Trattamento.<\/span><\/span><\/h4>\n<h4><span style=\"color: #333333;\"><span style=\"font-family: Avenir, serif;\"><b>Finalit\u00e0 del trattamento<\/b><\/span><\/span><\/h4>\n<h4><span style=\"color: #333333;\"><span style=\"font-family: Avenir, serif;\">Il trattamento dei dati suddetti avverr\u00e0 per finalit\u00e0 connesse o strumentali al servizio in adempimento degli:<\/span><\/span><\/h4>\n<h4><span style=\"color: #333333;\"><span style=\"font-family: Avenir, serif;\">&#8211; Finalit\u00e0 Informative: invio di materiale pubblicitario e di comunicazioni commerciali potr\u00e0 essere effettuato esclusivamente attraverso un consenso preventivo, specifico e informato degli interessati, in conformit\u00e0 alla Decisione del Garante Privacy 13.05.2008<\/span><\/span><\/h4>\n<h4><span style=\"color: #333333;\"><span style=\"font-family: Avenir, serif;\">&#8211; Obblighi di Legge: contabile (fatturazione, scritture e registrazioni contabili obbligatorie)<\/span><\/span><\/h4>\n<h4><span style=\"color: #333333;\"><span style=\"font-family: Avenir, serif;\">&#8211; Obblighi Contrattuali: per dare esecuzione a prestazioni contrattualmente convenute, nonch\u00e9 per esigenze di tipo operativo, gestionale e per esigenze preliminari la stipula di convenzioni contrattuali, al fine dell&#8217;assistenza alla clientela e per informazioni commerciali riguardanti i servizi erogati<\/span><\/span><\/h4>\n<h4><span style=\"color: #333333;\"><span style=\"font-family: Avenir, serif;\">L\u2019Utilizzo dei Dati per ulteriori finalit\u00e0 da parte del Titolare potrebbe, in alcuni casi e per specifiche legislazioni di riferimento, richiedere il consenso dell\u2019Utente o dell\u2019Interessato.<\/span><\/span><\/h4>\n<h4><span style=\"color: #333333;\"><span style=\"font-family: Avenir, serif;\"><b>Luogo trattamento dati e trasmissione degli stessi<\/b><\/span><\/span><\/h4>\n<h4><span style=\"color: #333333;\"><span style=\"font-family: Avenir, serif;\">I Dati sono trattati presso la sede del Titolare del Trattamento, salvo quanto altrimenti specificato nel resto del documento. I dati potranno essere altres\u00ec comunicati in Italia e\/o all\u2019estero, esclusivamente per le finalit\u00e0 sopra indicate e, conseguentemente, trattati solo a tali fini dagli ulteriori soggetti di seguito indicati: CASEIFICIO CASTELLAN URBANO SAS e i dipendenti incaricati del trattamento.<\/span><\/span><\/h4>\n<h4><span style=\"color: #333333;\"><span style=\"font-family: Avenir, serif;\">In particolare in relazione al rapporto con clienti e fornitori, i dati potranno altres\u00ec essere comunicati a:<br \/>\n&#8211; societ\u00e0 di factoring<br \/>\n&#8211; istituti di credito<br \/>\n&#8211; societ\u00e0 di recupero crediti<br \/>\n&#8211; societ\u00e0 di assicurazione del credito<br \/>\n&#8211; societ\u00e0 di informazioni commerciali<br \/>\n&#8211; professionisti e consulenti<br \/>\n&#8211; aziende che operano nel settore dei trasporti<br \/>\n&#8211; societ\u00e0 di statistica<br \/>\n<\/span><\/span><\/h4>\n<h4><span style=\"color: #333333;\"><span style=\"font-family: Avenir, serif;\"><b>Tempi<\/b><\/span><\/span><\/h4>\n<h4><span style=\"color: #333333;\"><span style=\"font-family: Avenir, serif;\">I dati verranno trattati per tutta la durata dei rapporti contrattuali instaurati e anche successivamente per l\u2019espletamento di tutti i necessari adempimenti di legge.<\/span><\/span><\/h4>\n<h4><span style=\"color: #333333;\"><span style=\"font-family: Avenir, serif;\">Diritti dell\u2019Utente<\/span><\/span><\/h4>\n<h4><span style=\"color: #333333;\"><span style=\"font-family: Avenir, serif;\">L\u2019Utente pu\u00f2 sempre chiedere all\u2019indirizzo email: &#115;a&#x72;a&#x40;c&#x61;s&#x65;&#105;&#x66;&#105;&#x63;&#105;&#x6f;&#99;a&#115;t&#x65;l&#x6c;a&#x6e;&#46;&#x69;&#116;: l\u2019aggiornamento, la rettificazione ovvero, quando vi ha interesse, l\u2019integrazione dei dati; la cancellazione, la trasformazione in forma anonima o il blocco di dati trattati in violazione di legge. <\/span><\/span><\/h4>\n<h4><span style=\"color: #333333;\"><span style=\"font-family: Avenir, serif;\">L&#8217;interessato ha diritto di opporsi, in tutto o in parte: <\/span><\/span><\/h4>\n<h4><span style=\"color: #333333;\"><span style=\"font-family: Avenir, serif;\">a) per motivi legittimi al trattamento dei dati personali che lo riguardano, ancorch\u00e9 pertinenti allo scopo della raccolta; <\/span><\/span><\/h4>\n<h4><span style=\"color: #333333;\"><span style=\"font-family: Avenir, serif;\">b) al trattamento di dati personali che lo riguardano a fini di invio di materiale pubblicitario o di vendita diretta o per il compimento di ricerche di mercato o di comunicazione commerciale.<\/span><\/span><\/h4>\n<h4><span style=\"color: #333333;\"><span style=\"font-family: Avenir, serif;\"><b>Contatti<\/b><\/span><\/span><\/h4>\n<h4><span style=\"color: #333333;\"><span style=\"font-family: Avenir, serif;\">Se desideri ricevere maggiori informazioni su come CASEIFICIO CASTELLAN URBANO SAS tratta i Dati Personali, ti preghiamo di scrivere una e-mail al seguente indirizzo di posta elettronica: s&#97;&#x72;&#x61;&#x40;c&#97;&#115;&#x65;&#x69;f&#105;&#99;&#x69;&#x6f;ca&#115;&#x74;&#x65;&#x6c;l&#97;&#x6e;&#x2e;&#x69;t<\/span><\/span><\/h4>\n<h4><span style=\"color: #333333;\"><span style=\"font-family: Avenir, serif;\">Per conoscere i tuoi diritti ed essere sempre aggiornato sulla normativa in materia di tutela delle persone rispetto al trattamento dei Dati Personali ti consigliamo di visitare il sito web del Garante per la protezione dei Dati Personali all&#8217;indirizzo<\/span><\/span><\/h4>\n<h4><a href=\"http:\/\/www.garanteprivacy.it\/\"><span style=\"color: #000000;\"><span style=\"font-family: Avenir, serif;\"><u>www.garanteprivacy.it<br \/>\n<\/u><\/span><\/span><\/a><\/h4>\n<h4><span style=\"color: #333333;\"><span style=\"font-family: Avenir, serif;\"><b>Legge applicabile<\/b><\/span><\/span><\/h4>\n<h4><span style=\"color: #333333;\"><span style=\"font-family: Avenir, serif;\">Questa Privacy Policy \u00e8 regolata dalla legge italiana e in particolare dal Regolamento UE 2016\/679 che disciplina il trattamento dei dati personali &#8211; anche detenuti all&#8217;estero &#8211; effettuato da chiunque \u00e8 residente o ha sede in Italia o mediante strumenti situati in Italia. <\/span><\/span><\/h4>\n<h4><span style=\"color: #333333;\"><span style=\"font-family: Avenir, serif;\">Il Codice garantisce che il trattamento dei dati personali si svolga nel rispetto dei diritti e delle libert\u00e0 fondamentali, nonch\u00e9 della dignit\u00e0 dell&#8217;interessato, con particolare riferimento alla riservatezza, all&#8217;identit\u00e0 personale e al diritto alla protezione dei dati personali.<\/span><\/span><\/h4>\n<h4><span style=\"color: #333333;\"><span style=\"font-family: Avenir, serif;\"><b>Modifiche e aggiornamenti della Privacy Policy di www.caseificiocastellan.it<\/b><\/span><\/span><\/h4>\n<h4><span style=\"color: #333333;\"><span style=\"font-family: Avenir, serif;\">CASEIFICIO CASTELLAN URBANO SAS potr\u00e0 modificare o semplicemente aggiornare, in tutto o in parte, la Privacy Policy del suo sito anche in considerazione della modifica delle norme di legge o di regolamento che regolano questa materia e proteggono i tuoi diritti. <\/span><\/span><\/h4>\n<h4><span style=\"color: #333333;\"><span style=\"font-family: Avenir, serif;\">Le modifiche e gli aggiornamenti della Privacy Policy di www.caseificiocastellan.it.com saranno notificati agli utenti di www.caseificiocastellan.it non appena adottati e saranno vincolanti non appena pubblicati sul sito web in questa stessa sezione. Ti preghiamo pertanto di accedere con regolarit\u00e0 a questa sezione per verificare la pubblicazione della pi\u00f9 recente ed aggiornata Privacy Policy di<\/span><\/span><\/h4>\n<h4><a href=\"http:\/\/www.ecoricerche.com\/\"><span style=\"color: #000000;\"><span style=\"font-family: Avenir, serif;\"><u>www.caseificiocastellan.it<br \/>\n<\/u><\/span><\/span><\/a><span style=\"color: #333333;\"><span style=\"font-family: Avenir, serif;\"><br \/>\n<\/span><\/span><span style=\"color: #333333;\"><span style=\"font-family: Avenir, serif;\"><b>Ulteriori informazioni sul trattamento<\/b><\/span><\/span><\/h4>\n<h4><span style=\"color: #333333;\"><span style=\"font-family: Avenir, serif;\"><br \/>\n<\/span><\/span><span style=\"color: #333333;\"><span style=\"font-family: Avenir, serif;\"><b>Difesa in giudizio<\/b><\/span><\/span><\/h4>\n<h4><span style=\"color: #333333;\"><span style=\"font-family: Avenir, serif;\">I Dati Personali dell\u2019Utente possono essere utilizzati per la difesa da parte del Titolare dell\u2019Applicazione in giudizio o nelle fasi propedeutiche alla sua eventuale instaurazione, da abusi nell&#8217;utilizzo della stessa o dei servizi connessi da parte dell\u2019Utente.<br \/>\n<\/span><\/span><\/h4>\n<h4><span style=\"color: #333333;\"><span style=\"font-family: Avenir, serif;\"><b>Informative specifiche<\/b><\/span><\/span><\/h4>\n<h4><span style=\"color: #333333;\"><span style=\"font-family: Avenir, serif;\">Informative specifiche potrebbero essere presentate nelle pagine del Sito in relazione a particolari servizi o trattamenti dei Dati forniti dall\u2019Utente o dall\u2019Interessato.<br \/>\n<\/span><\/span><\/h4>\n<h4><span style=\"color: #333333;\"><span style=\"font-family: Avenir, serif;\"><b>Manutenzione<\/b><\/span><\/span><\/h4>\n<h4><span style=\"color: #333333;\"><span style=\"font-family: Avenir, serif;\">I Dati Personali dell\u2019Utente possono essere trattati con modalit\u00e0 e finalit\u00e0 aggiuntive legate alla manutenzione dell\u2019Applicazione.<br \/>\n<\/span><\/span><\/h4>\n<h4><span style=\"color: #333333;\"><span style=\"font-family: Avenir, serif;\"><b>Log di sistema<\/b><\/span><\/span><\/h4>\n<h4><span style=\"color: #333333;\"><span style=\"font-family: Avenir, serif;\">Per necessit\u00e0 legate al funzionamento ed alla manutenzione, questa Applicazione e gli eventuali servizi terzi da essa utilizzati potrebbero raccogliere Log di sistema, ossia file che registrano le interazioni \u2013 compresa la navigazione \u2013 e che possono contenere anche Dati Personali, quali l\u2019indirizzo IP.<br \/>\n<\/span><\/span><\/h4>\n<h4><span style=\"color: #333333;\"><span style=\"font-family: Avenir, serif;\"><b>Informazioni non contenute in questa policy<\/b><\/span><\/span><\/h4>\n<h4><span style=\"color: #333333;\"><span style=\"font-family: Avenir, serif;\">Maggiori informazioni in relazione al trattamento dei Dati Personali potranno essere richieste in qualsiasi momento al Titolare del Trattamento.<br \/>\n<\/span><\/span><\/h4>\n<h4><span style=\"color: #333333;\"><span style=\"font-family: Avenir, serif;\"><b>Esercizio dei Diritti da parte degli Interessati<\/b><\/span><\/span><\/h4>\n<h4><span style=\"color: #333333;\"><span style=\"font-family: Avenir, serif;\">I soggetti cui si riferiscono i Dati Personali hanno il diritto in qualunque momento di ottenere la conferma dell&#8217;esistenza o meno degli stessi presso il Titolare del Trattamento, di conoscerne il contenuto e l&#8217;origine, di verificarne l&#8217;esattezza o chiederne l\u2019integrazione, la cancellazione, l&#8217;aggiornamento, la rettifica, la trasformazione in forma anonima o il blocco dei Dati Personali trattati in violazione di legge, nonch\u00e9 di opporsi in ogni caso, per motivi legittimi, al loro trattamento. <\/span><\/span><\/h4>\n<h4><span style=\"color: #333333;\"><span style=\"font-family: Avenir, serif;\">Le richieste vanno rivolte al Titolare del Trattamento.<br \/>\n<\/span><\/span><\/h4>\n<h4><span style=\"color: #333333;\"><span style=\"font-family: Avenir, serif;\"><b>Riferimenti legali<\/b><\/span><\/span><\/h4>\n<h4><span style=\"color: #333333;\"><span style=\"font-family: Avenir, serif;\">Avviso agli utenti europei: la presente informativa privacy \u00e8 redatta in adempimento degli obblighi previsti dal Regolamento UE 2016\/679, nonch\u00e9 a quanto previsto dalla Direttiva 2002\/58\/CE, come aggiornata dalla Direttiva 2009\/136\/CE, in materia di Cookie. <\/span><\/span><\/h4>\n<h4><span style=\"color: #333333;\"><span style=\"font-family: Avenir, serif;\">Questa informativa privacy riguarda esclusivamente la presente Applicazione.<\/span><\/span><\/h4>\n<h4><span style=\"color: #333333;\"><span style=\"font-family: Avenir, serif;\">Ultima modifica: <\/span><\/span><span style=\"color: #333333;\"><span style=\"font-family: Avenir, serif;\">23\/11\/2018<\/span><\/span><\/h4>\n<h4><span style=\"color: #333333;\"><span style=\"font-family: Avenir, serif;\"><b>Dettagli sul trattamento dei Dati Personali e sui servizi forniti da soggetti terzi<\/b><\/span><\/span><\/h4>\n<h4><span style=\"color: #333333;\"><span style=\"font-family: Avenir, serif;\"><br \/>\n<\/span><\/span><span style=\"color: #333333;\"><span style=\"font-family: Avenir, serif;\"><b>Statistica<\/b><\/span><\/span><\/h4>\n<h4><span style=\"color: #333333;\"><span style=\"font-family: Avenir, serif;\">I servizi contenuti nella presente sezione permettono al Titolare del Trattamento di monitorare e analizzare i dati di traffico e servono a tener traccia del comportamento dell\u2019Utente.<br \/>\n<\/span><\/span><\/h4>\n<h4><span style=\"color: #333333;\"><span style=\"font-family: Avenir, serif;\"><b>Google Analytics (Google)<\/b><\/span><\/span><\/h4>\n<h4><span style=\"color: #333333;\"><span style=\"font-family: Avenir, serif;\">Google Analytics \u00e8 un servizio di analisi web fornito da Google Inc. (\u201cGoogle\u201d). Google utilizza i Dati Personali raccolti allo scopo di tracciare ed esaminare l\u2019utilizzo dell\u2019Applicazione, compilare report e condividerli con gli altri servizi sviluppati da Google. Google potrebbe utilizzare i Dati Personali per contestualizzare e personalizzare gli annunci del proprio network pubblicitario. Dati personali raccolti: Cookie e Dati di navigazione ed utilizzo. Luogo del Trattamento: USA \u2013 Privacy Policy<br \/>\n<\/span><\/span><\/h4>\n<h4><span style=\"color: #333333;\"><span style=\"font-family: Avenir, serif;\"><b>Contatto via email<\/b><\/span><\/span><\/h4>\n<h4><span style=\"color: #333333;\"><span style=\"font-family: Avenir, serif;\">Mailing List \/ Newsletter (Questo sito web)<\/span><\/span><\/h4>\n<h4><span style=\"color: #333333;\"><span style=\"font-family: Avenir, serif;\">A seguito della registrazione alla mailing list \/ newsletter, l\u2019indirizzo email dell\u2019Utente viene automaticamente inserito in una lista di contatti a cui potranno essere trasmessi una newsletter periodica ed informazioni, anche di natura commerciale e promozionale, relative all\u2019Applicazione. <\/span><\/span><\/h4>\n<h4><span style=\"color: #333333;\"><span style=\"font-family: Avenir, serif;\">Dati personali raccolti: Email.<br \/>\n<\/span><\/span><\/h4>\n<h4><span style=\"color: #333333;\"><span style=\"font-family: Avenir, serif;\"><b>Mailing<\/b><\/span><\/span><\/h4>\n<h4><span style=\"color: #333333;\"><span style=\"font-family: Avenir, serif;\">Questi servizi consentono al Sito di gestire e monitorare mailing list finalizzate alla spedizione di informazioni all\u2019Utente tramite posta elettronica.<br \/>\n<\/span><\/span><\/h4>\n<h4><span style=\"color: #333333;\"><span style=\"font-family: Avenir, serif;\"><b>Mailchimp (Mailchimp)<\/b><\/span><\/span><\/h4>\n<h4><span style=\"color: #333333;\"><span style=\"font-family: Avenir, serif;\">Mailchimp \u00e8 un servizio di mailing list fornito da Mailchimp Inc. che consente di gestire un database di contatti al fine dell\u2019invio di email legate ai servizi offerti dal Sito. Il servizio consente al Titolare del Trattamento di raccogliere informazioni relative alla data e all\u2019ora nella quale le mail sono visualizzate dall\u2019Utente, cos\u00ec come informazioni sui click dell\u2019utente sugli indirizzi contenuti nella mail. Per maggiori informazioni sull\u2019utilizzo dei Dati Personali da parte di Mailchimp si prega di consultare il seguente link\u00a0http:\/\/mailchimp.com\/legal\/privacy\/<\/span><\/span><\/h4>\n<p>[\/vc_column_text][\/vc_column][\/vc_row]<\/p>\n","protected":false},"excerpt":{"rendered":"<p>[vc_row css_animation=&#8221;&#8221; row_type=&#8221;row&#8221; use_row_as_full_screen_section=&#8221;no&#8221; type=&#8221;full_width&#8221; angled_section=&#8221;no&#8221; text_align=&#8221;left&#8221; background_image_as_pattern=&#8221;without_pattern&#8221;][vc_column][vc_column_text] Privacy Policy Questo sito raccoglie alcuni Dati Personali. Tali Dati Personali sono raccolti per le finalit\u00e0 e sono trattati secondo le modalit\u00e0 di seguito riportate. Titolare del Trattamento dei Dati: CASEIFICIO CASTELLAN URBANO SAS &#8211; VIA GIOTTO,&#8230;<\/p>\n","protected":false},"author":1,"featured_media":0,"parent":0,"menu_order":0,"comment_status":"closed","ping_status":"open","template":"","meta":{"wprm-recipe-roundup-name":"","wprm-recipe-roundup-description":"","_exactmetrics_skip_tracking":false,"_exactmetrics_sitenote_active":false,"_exactmetrics_sitenote_note":"","_exactmetrics_sitenote_category":0,"footnotes":""},"_links":{"self":[{"href":"https:\/\/www.caseificiocastellan.it\/en\/wp-json\/wp\/v2\/pages\/8259"}],"collection":[{"href":"https:\/\/www.caseificiocastellan.it\/en\/wp-json\/wp\/v2\/pages"}],"about":[{"href":"https:\/\/www.caseificiocastellan.it\/en\/wp-json\/wp\/v2\/types\/page"}],"author":[{"embeddable":true,"href":"https:\/\/www.caseificiocastellan.it\/en\/wp-json\/wp\/v2\/users\/1"}],"replies":[{"embeddable":true,"href":"https:\/\/www.caseificiocastellan.it\/en\/wp-json\/wp\/v2\/comments?post=8259"}],"version-history":[{"count":6,"href":"https:\/\/www.caseificiocastellan.it\/en\/wp-json\/wp\/v2\/pages\/8259\/revisions"}],"predecessor-version":[{"id":18368,"href":"https:\/\/www.caseificiocastellan.it\/en\/wp-json\/wp\/v2\/pages\/8259\/revisions\/18368"}],"wp:attachment":[{"href":"https:\/\/www.caseificiocastellan.it\/en\/wp-json\/wp\/v2\/media?parent=8259"}],"curies":[{"name":"wp","href":"https:\/\/api.w.org\/{rel}","templated":true}]}}