{"id":18908,"date":"2019-05-28T07:17:10","date_gmt":"2019-05-28T07:17:10","guid":{"rendered":"https:\/\/www.caseificiocastellan.it\/?page_id=18908"},"modified":"2022-04-27T17:21:56","modified_gmt":"2022-04-27T17:21:56","slug":"formaggi-capra-castellan","status":"publish","type":"page","link":"https:\/\/www.caseificiocastellan.it\/en\/formaggi-capra-castellan\/","title":{"rendered":"I formaggi di capra"},"content":{"rendered":"<p>[vc_row css_animation=&#8221;&#8221; row_type=&#8221;row&#8221; use_row_as_full_screen_section=&#8221;no&#8221; type=&#8221;full_width&#8221; anchor=&#8221;stracchino&#8221; in_content_menu=&#8221;in_content_menu&#8221; content_menu_title=&#8221;lo stracchino&#8221; content_menu_icon=&#8221;&#8221; angled_section=&#8221;no&#8221; text_align=&#8221;left&#8221; background_image_as_pattern=&#8221;without_pattern&#8221; z_index=&#8221;&#8221; css=&#8221;.vc_custom_1559027948116{background-color: #ffffff !important;}&#8221;][vc_column][vc_single_image image=&#8221;18909&#8243; img_size=&#8221;full&#8221; alignment=&#8221;center&#8221; qode_css_animation=&#8221;&#8221;][\/vc_column][\/vc_row][vc_row css_animation=&#8221;&#8221; row_type=&#8221;row&#8221; use_row_as_full_screen_section=&#8221;no&#8221; type=&#8221;grid&#8221; angled_section=&#8221;no&#8221; text_align=&#8221;left&#8221; background_image_as_pattern=&#8221;without_pattern&#8221; z_index=&#8221;&#8221;][vc_column][vc_separator type=&#8221;normal&#8221; transparency=&#8221;1&#8243; up=&#8221;40&#8243; down=&#8221;40&#8243;]<div class=\"custom_font_holder\" style=\"font-family: lobster; font-size: 40px; line-height: 40px; font-style: normal; font-weight: 300; color: #95c11f; text-decoration: none; text-align: center;\">Latte di capra 100% Veneto<br \/>\nCoagulante vegetale estratto dal Fiore di Cardo<\/div>[vc_separator type=&#8221;normal&#8221; transparency=&#8221;1&#8243; up=&#8221;40&#8243; down=&#8221;40&#8243;][\/vc_column][\/vc_row][vc_row css_animation=&#8221;&#8221; row_type=&#8221;row&#8221; use_row_as_full_screen_section=&#8221;no&#8221; type=&#8221;grid&#8221; angled_section=&#8221;no&#8221; text_align=&#8221;left&#8221; background_image_as_pattern=&#8221;without_pattern&#8221; background_color=&#8221;#ffffff&#8221; padding_top=&#8221;77&#8243; padding_bottom=&#8221;48&#8243; z_index=&#8221;&#8221;][vc_column][vc_column_text]<\/p>\n<h1><em><strong>CHE COS&#8217;E&#8217; IL LATTE DI CAPRA<\/strong><\/em><\/h1>\n<p>&nbsp;<\/p>\n<h1><\/h1>\n<h1>Il <strong>latte di capra<\/strong> \u00e8 un liquido prodotto dalla ghiandola mammaria delle capre. Pu\u00f2 essere consumato come tale o essere utilizzato per produrre formaggi freschi e stagionati, il feta greco o altri alimenti fermentati, per esempio yogurt.<\/h1>\n<p>[\/vc_column_text][\/vc_column][\/vc_row][vc_row css_animation=&#8221;&#8221; row_type=&#8221;row&#8221; use_row_as_full_screen_section=&#8221;no&#8221; type=&#8221;grid&#8221; angled_section=&#8221;no&#8221; text_align=&#8221;left&#8221; background_image_as_pattern=&#8221;without_pattern&#8221; z_index=&#8221;&#8221;][vc_column][vc_separator type=&#8221;normal&#8221; transparency=&#8221;1&#8243; up=&#8221;40&#8243; down=&#8221;40&#8243;][vc_column_text]<\/p>\n<h1><em><strong>PROPRIETA&#8217; NUTRIZIONALI<\/strong><\/em><\/h1>\n<h1><em><strong>\u00a0<\/strong><\/em><\/h1>\n<h1>100 grammi di latte di capra apportano circa <strong>76 Calorie<\/strong> ripartite come segue:<br \/>\n&#8211; 86,3 g di acqua<br \/>\n&#8211; 3,9 g di proteine<br \/>\n&#8211; 4,8 g di lipidi, fra cui 3,32 g di &#8211; grassi saturi, 1,36 g di grassi monoinsaturi e 0,16 g di grassi polinsaturi<br \/>\n&#8211; 10 mg di colesterolo<br \/>\n&#8211; 4,7 g di carboidrati disponibili<br \/>\n&#8211; 4,7 g di zuccheri solubili<\/h1>\n<h1>100 grammi di latte di capra contengono:<\/h1>\n<h1>&#8211; 86 \u00b5g di vitamina A (retinolo equivalenti)<br \/>\n&#8211; 0,11 mg di riboflavina<br \/>\n&#8211; 0,3 mg di niacina<br \/>\n&#8211; 0,05 mg di tiamina<br \/>\n&#8211; 1 mg di vitamina C<br \/>\n&#8211; 16 \u00b5g di selenio<br \/>\n&#8211; 40 mg di sodio<br \/>\n&#8211; 106 mg di fosforo<br \/>\n&#8211; 180 mg di potassio<br \/>\n&#8211; 141 mg di calcio<br \/>\n&#8211; 13 mg di magnesio<br \/>\n&#8211; 0,31 mg di zinco<br \/>\n&#8211; 0,1 mg di ferro<\/h1>\n<p>[\/vc_column_text][vc_separator type=&#8221;normal&#8221; transparency=&#8221;1&#8243; up=&#8221;40&#8243; down=&#8221;40&#8243;][\/vc_column][\/vc_row][vc_row css_animation=&#8221;&#8221; row_type=&#8221;row&#8221; use_row_as_full_screen_section=&#8221;no&#8221; type=&#8221;grid&#8221; angled_section=&#8221;no&#8221; text_align=&#8221;left&#8221; background_image_as_pattern=&#8221;without_pattern&#8221; background_color=&#8221;#ffffff&#8221; padding_top=&#8221;77&#8243; padding_bottom=&#8221;48&#8243; z_index=&#8221;&#8221;][vc_column][vc_column_text]<\/p>\n<h1><em><strong>PROPRIETA&#8217; BENEFICHE<\/strong><\/em><\/h1>\n<h1><em><strong>\u00a0<\/strong><\/em><\/h1>\n<h1>Al latte di capra vengono attribuite <strong>propriet\u00e0 antinfiammatorie<\/strong>.<br \/>\nFra i benefici attribuiti al suo consumo sono inclusi la capacit\u00e0 di facilitare la digestione, rafforzare le ossa, <strong>migliorare la salute cardiovascolare<\/strong>, promuovere il <strong>buon funzionamento del sistema immunitario e del metabolismo<\/strong>.<\/h1>\n<p>&nbsp;<\/p>\n<h1>Il latte di capra \u00e8 una fonte di proteine di buona qualit\u00e0 e apporta vitamine alleate del buon funzionamento del metabolismo, del sistema immunitario e dello sviluppo del sistema nervoso durante la gestazione. Contiene poi vitamine e minerali dalle propriet\u00e0 antinfiammatorie e buone quantit\u00e0 di calcio, fosforo e magnesio, alleati della salute di ossa e denti.Soddisfa in ogni individuo i bisogni nutrizionali specifici per et\u00e0, stile di vita, attivit\u00e0 fisica e stato di salute.<\/h1>\n<p>&nbsp;<\/p>\n<h1>Il latte di capra \u00e8 ben tollerato e si distingue per l&#8217;<strong>alta digeribilit\u00e0 dei grassi<\/strong>, per il contributo in calcio e fosforo ottimale per la mineralizzazione ossea, e la ricchezza in vitamine. Il latte di capra, dopo quello di asina, \u00e8 quello pi\u00f9 simile al latte materno, per questo ideale per i bambini.<\/h1>\n<p>&nbsp;<\/p>\n<h1>Il latte di capra ha un gusto piuttosto forte, e varia notevolmente a seconda delle razze delle capre. Le pi\u00f9 utilizzate per produrre latte sono la Camosciata delle Alpi, la Saanen e l&#8217;Alpina.<\/h1>\n<p>&nbsp;<\/p>\n<h1>Con il latte di capra si possono produrre yogurt, burro e altri derivati, come il formaggio di capra (caprino) e il feta greco.<br \/>\n100 ml di latte di capra intero danno 76 calorie, contro le 63 di quello vaccino intero. Il latte di capra ha un elevato contenuto di calcio ed \u00e8 quindi particolarmente indicato per bambini ed anziani, \u00e8 solitamente ben tollerato anche da chi \u00e8 allergico alle proteine del latte vaccino (consultare un sempre un medico).<br \/>\nLa sua composizione lo rende particolarmente utile nell\u2019alimentazione dei neonati, dei bambini che hanno allergie alimentari e degli adulti in convalescenza da patologia gastroduodenale. \u00c8 pi\u00f9 grasso del latte vaccino proprio per la diversit\u00e0 di alimentazione dell&#8217;animale stesso, (4,8 gr contro i 3,6 gr di quello vaccino, per 100 ml di prodotto).<br \/>\nIl latte di capra ha un\u2019elevata percentuale di <strong>taurina<\/strong>, aminoacido che svolge un ruolo importante sull\u2019accrescimento e sullo sviluppo cerebrale dei bambini e di cui il latte materno ne \u00e8 ricco. Il latte di capra \u00e8 quello che ha il <strong>minor contenuto di colesterolo<\/strong> se confrontato con il latte di pecora e vacca.<\/h1>\n<p>&nbsp;<\/p>\n<h1>Si narra che la capra Amantea abbia, con il suo latte, sostenuto l\u2019allevamento di Giove bambino, ma il latte di capra \u00e8 stato anche l\u2019alimento dell\u2019infanzia in tutte le civilt\u00e0 mediterranee e del vicino Oriente, e viene citato dai massimi poeti dell\u2019antica Roma, come Catullo e Virgilio.<\/h1>\n<h1><\/h1>\n<p>&nbsp;<\/p>\n<h1>Valori nutrizionali<br \/>\nQuesta preziosa bevanda non sempre \u00e8 conosciuta e apprezzata ma, in realt\u00e0, <strong>presenta notevoli benefici per il corpo e per l\u2019organismo<\/strong>. Il latte di capra non crea problemi infiammatori all\u2019intestino, \u00e8 facilmente digeribile, non agevola l\u2019aterogenesi (il deposito dei grassi all\u2019interno delle arterie e dei vasi sanguigni).<\/h1>\n<h1>Inoltre:<br \/>\n&#8211; <strong>rinforza il sistema immunitario<\/strong>: la quantit\u00e0 di selenio contenuta nel latte di capra riesce rinforzare il sistema immunitario, difendendolo dalle infezioni e dalle malattie;<br \/>\n&#8211; <strong>migliora il metabolismo<\/strong>: il latte di capra pu\u00f2 essere un valido alleato nel migliorare l\u2019assorbimento di ferro e rame nel tratto digestivo ed \u00e8 indicato soprattutto per chi soffre di anemia e altre carenze nutritive;<br \/>\n&#8211; <strong>allevia l\u2019infiammazione intestinale<\/strong>: il composto enzimatico contenuto nel latte di capra \u00e8 in grado di lenire l\u2019infiammazione intestinale;<br \/>\n&#8211; <strong>non altera i livelli di colesterolo<\/strong>: in confronto al latte vaccino, il latte di capra contiene circa il doppio degli acidi grassi utili per mantenere i livelli di colesterolo entro i limiti di salute, prevenendo attacchi cardiaci e aterosclerosi;<br \/>\n&#8211; <strong>aiuta a restare in forma<\/strong>: rispetto al latte vaccino, il latte di capra ha meno grassi \u201ccattivi\u201d e aiuta a perdere peso senza stravolgere le esigenze nutrizionali.<\/h1>\n<p>[\/vc_column_text][\/vc_column][\/vc_row][vc_row css_animation=&#8221;&#8221; row_type=&#8221;row&#8221; use_row_as_full_screen_section=&#8221;no&#8221; type=&#8221;grid&#8221; angled_section=&#8221;no&#8221; text_align=&#8221;left&#8221; background_image_as_pattern=&#8221;without_pattern&#8221; z_index=&#8221;&#8221;][vc_column][vc_separator type=&#8221;normal&#8221; transparency=&#8221;1&#8243; up=&#8221;40&#8243; down=&#8221;40&#8243;][vc_column_text]<\/p>\n<h1><em><strong>LATTE DI CAPRA E INTOLLERANZE<\/strong><\/em><\/h1>\n<h1><em><strong>\u00a0<\/strong><\/em><\/h1>\n<h1>Anche se in quantit\u00e0 ridotte, anche il latte di capra contiene lattosio per cui chi soffre di intolleranza al lattosio \u00e8 preferibile che ne eviti l\u2019assunzione.<\/h1>\n<p>[\/vc_column_text][vc_separator type=&#8221;normal&#8221; transparency=&#8221;1&#8243; up=&#8221;40&#8243; down=&#8221;40&#8243;][\/vc_column][\/vc_row][vc_row css_animation=&#8221;&#8221; row_type=&#8221;row&#8221; use_row_as_full_screen_section=&#8221;no&#8221; type=&#8221;grid&#8221; angled_section=&#8221;no&#8221; text_align=&#8221;left&#8221; background_image_as_pattern=&#8221;without_pattern&#8221; background_color=&#8221;#ffffff&#8221; padding_top=&#8221;77&#8243; padding_bottom=&#8221;48&#8243; z_index=&#8221;&#8221;][vc_column][vc_column_text]<\/p>\n<h1><em><strong>ELISIR DI BELLEZZA<\/strong><\/em><\/h1>\n<h1><em><strong>\u00a0<\/strong><\/em><\/h1>\n<h1>Cos\u00ec come il latte d\u2019asina (un tempo il segreto di bellezza di molte donne come Cleopatra, Poppea e Paolina Bonaparte), anche il latte di capra pu\u00f2 essere utilizzato anche per la <strong>cura del corpo<\/strong>. \u00c8 particolarmente adatto, infatti, per chi presenta una pelle secca e disidratata o dopo una lunga esposizione al sole.<\/h1>\n<h1><\/h1>\n<h1>In casa, utilizzando il burro di capra, \u00e8 possibile fare una maschera per il viso: basta applicarlo sulla pelle e lasciare in posa per mezz\u2019ora. Una volta risciacquata con acqua tiepida, il risultato sar\u00e0 sorprendente: <strong>la pelle sar\u00e0 liscia e morbida<\/strong>.<\/h1>\n<p>[\/vc_column_text][\/vc_column][\/vc_row][vc_row css_animation=&#8221;&#8221; row_type=&#8221;row&#8221; use_row_as_full_screen_section=&#8221;no&#8221; type=&#8221;grid&#8221; angled_section=&#8221;no&#8221; text_align=&#8221;left&#8221; background_image_as_pattern=&#8221;without_pattern&#8221; background_color=&#8221;#ffffff&#8221; padding_top=&#8221;77&#8243; padding_bottom=&#8221;48&#8243; z_index=&#8221;&#8221;][vc_column width=&#8221;1\/3&#8243;][vc_row_inner row_type=&#8221;row&#8221; type=&#8221;full_width&#8221; text_align=&#8221;right&#8221; css_animation=&#8221;&#8221;][vc_column_inner][vc_single_image image=&#8221;18915&#8243; img_size=&#8221;full&#8221; qode_css_animation=&#8221;element_from_bottom&#8221; transition_delay=&#8221;0.3&#8243;][vc_separator type=&#8221;transparent&#8221; up=&#8221;21&#8243; down=&#8221;0&#8243;][\/vc_column_inner][\/vc_row_inner][\/vc_column][vc_column width=&#8221;2\/3&#8243;][vc_separator type=&#8221;normal&#8221; transparency=&#8221;1&#8243; up=&#8221;5&#8243; down=&#8221;40&#8243;][vc_column_text]<\/p>\n<h1>Il Cardo \u00e8 una pianta spontanea presente in tutti i paesi che affacciano sul bacino del Mediterraneo. E&#8217; una pregiata pianta officinale e commestibile, usata fin dall&#8217;antichit\u00e0 per le sue indiscusse propriet\u00e0 fitoterapiche.<\/h1>\n<p>[\/vc_column_text][vc_empty_space]\n\n\t<a href=\"https:\/\/www.coltivazionebiologica.it\/cardo-mariano\/\" target=\"_blank\" style=\"background-color: #f6f6f6\" class=\"qode-btn qode-btn-medium qode-btn-solid qode-btn-custom-hover-color qode-btn-default-hover\" data-hover-color=\"#ad3141\" >\n\t    <span class=\"qode-btn-text\">Scopri di pi\u00f9<\/span>\t<\/a>\n\n[vc_separator type=&#8221;normal&#8221; transparency=&#8221;1&#8243; up=&#8221;40&#8243; down=&#8221;5&#8243;][\/vc_column][\/vc_row]<\/p>\n","protected":false},"excerpt":{"rendered":"<p>[vc_row css_animation=&#8221;&#8221; row_type=&#8221;row&#8221; use_row_as_full_screen_section=&#8221;no&#8221; type=&#8221;full_width&#8221; anchor=&#8221;stracchino&#8221; in_content_menu=&#8221;in_content_menu&#8221; content_menu_title=&#8221;lo stracchino&#8221; content_menu_icon=&#8221;&#8221; angled_section=&#8221;no&#8221; text_align=&#8221;left&#8221; background_image_as_pattern=&#8221;without_pattern&#8221; z_index=&#8221;&#8221; css=&#8221;.vc_custom_1559027948116{background-color: #ffffff !important;}&#8221;][vc_column][vc_single_image image=&#8221;18909&#8243; img_size=&#8221;full&#8221; alignment=&#8221;center&#8221; qode_css_animation=&#8221;&#8221;][\/vc_column][\/vc_row][vc_row css_animation=&#8221;&#8221; row_type=&#8221;row&#8221; use_row_as_full_screen_section=&#8221;no&#8221; type=&#8221;grid&#8221; angled_section=&#8221;no&#8221; text_align=&#8221;left&#8221; background_image_as_pattern=&#8221;without_pattern&#8221; z_index=&#8221;&#8221;][vc_column][vc_separator type=&#8221;normal&#8221; transparency=&#8221;1&#8243; up=&#8221;40&#8243; down=&#8221;40&#8243;][vc_separator type=&#8221;normal&#8221; transparency=&#8221;1&#8243; up=&#8221;40&#8243; down=&#8221;40&#8243;][\/vc_column][\/vc_row][vc_row css_animation=&#8221;&#8221; row_type=&#8221;row&#8221; use_row_as_full_screen_section=&#8221;no&#8221; type=&#8221;grid&#8221; angled_section=&#8221;no&#8221; text_align=&#8221;left&#8221; background_image_as_pattern=&#8221;without_pattern&#8221; background_color=&#8221;#ffffff&#8221;&#8230;<\/p>\n","protected":false},"author":1,"featured_media":0,"parent":0,"menu_order":0,"comment_status":"closed","ping_status":"closed","template":"full_width.php","meta":{"wprm-recipe-roundup-name":"","wprm-recipe-roundup-description":"","_exactmetrics_skip_tracking":false,"_exactmetrics_sitenote_active":false,"_exactmetrics_sitenote_note":"","_exactmetrics_sitenote_category":0,"footnotes":""},"_links":{"self":[{"href":"https:\/\/www.caseificiocastellan.it\/en\/wp-json\/wp\/v2\/pages\/18908"}],"collection":[{"href":"https:\/\/www.caseificiocastellan.it\/en\/wp-json\/wp\/v2\/pages"}],"about":[{"href":"https:\/\/www.caseificiocastellan.it\/en\/wp-json\/wp\/v2\/types\/page"}],"author":[{"embeddable":true,"href":"https:\/\/www.caseificiocastellan.it\/en\/wp-json\/wp\/v2\/users\/1"}],"replies":[{"embeddable":true,"href":"https:\/\/www.caseificiocastellan.it\/en\/wp-json\/wp\/v2\/comments?post=18908"}],"version-history":[{"count":41,"href":"https:\/\/www.caseificiocastellan.it\/en\/wp-json\/wp\/v2\/pages\/18908\/revisions"}],"predecessor-version":[{"id":18951,"href":"https:\/\/www.caseificiocastellan.it\/en\/wp-json\/wp\/v2\/pages\/18908\/revisions\/18951"}],"wp:attachment":[{"href":"https:\/\/www.caseificiocastellan.it\/en\/wp-json\/wp\/v2\/media?parent=18908"}],"curies":[{"name":"wp","href":"https:\/\/api.w.org\/{rel}","templated":true}]}}